{"id":4444,"date":"2022-02-08T10:49:54","date_gmt":"2022-02-08T09:49:54","guid":{"rendered":"https:\/\/www.keeple.com\/impressum\/"},"modified":"2022-09-23T10:51:49","modified_gmt":"2022-09-23T08:51:49","slug":"impressum","status":"publish","type":"page","link":"https:\/\/www-preprod.keeple.com\/de\/impressum\/","title":{"rendered":"Impressum"},"content":{"rendered":"\t\t<div data-elementor-type=\"wp-page\" data-elementor-id=\"4444\" class=\"elementor elementor-4444 elementor-27\" data-elementor-post-type=\"page\">\n\t\t\t\t\t\t<section class=\"elementor-section elementor-top-section elementor-element elementor-element-852f90b elementor-section-height-min-height elementor-section-boxed elementor-section-height-default elementor-section-items-middle\" data-id=\"852f90b\" data-element_type=\"section\" data-settings=\"{&quot;background_background&quot;:&quot;classic&quot;}\">\n\t\t\t\t\t\t<div class=\"elementor-container elementor-column-gap-default\">\n\t\t\t\t\t<div class=\"elementor-column elementor-col-100 elementor-top-column elementor-element elementor-element-ab9a037 animated-slow elementor-invisible\" data-id=\"ab9a037\" data-element_type=\"column\" data-settings=\"{&quot;animation&quot;:&quot;fadeIn&quot;}\">\n\t\t\t<div class=\"elementor-widget-wrap elementor-element-populated\">\n\t\t\t\t\t\t<section class=\"elementor-section elementor-inner-section elementor-element elementor-element-4c2684c elementor-section-content-middle elementor-section-boxed elementor-section-height-default elementor-section-height-default\" data-id=\"4c2684c\" data-element_type=\"section\">\n\t\t\t\t\t\t<div class=\"elementor-container elementor-column-gap-default\">\n\t\t\t\t\t<div class=\"elementor-column elementor-col-50 elementor-inner-column elementor-element elementor-element-40e37f4\" data-id=\"40e37f4\" data-element_type=\"column\">\n\t\t\t<div class=\"elementor-widget-wrap elementor-element-populated\">\n\t\t\t\t\t\t<div class=\"elementor-element elementor-element-8829a70 elementor-widget elementor-widget-heading\" data-id=\"8829a70\" data-element_type=\"widget\" data-widget_type=\"heading.default\">\n\t\t\t\t<div class=\"elementor-widget-container\">\n\t\t\t\t\t<h1 class=\"elementor-heading-title elementor-size-default\">Impressum<\/h1>\t\t\t\t<\/div>\n\t\t\t\t<\/div>\n\t\t\t\t\t<\/div>\n\t\t<\/div>\n\t\t\t\t<div class=\"elementor-column elementor-col-50 elementor-inner-column elementor-element elementor-element-5d07992 elementor-hidden-mobile\" data-id=\"5d07992\" data-element_type=\"column\">\n\t\t\t<div class=\"elementor-widget-wrap\">\n\t\t\t\t\t\t\t<\/div>\n\t\t<\/div>\n\t\t\t\t\t<\/div>\n\t\t<\/section>\n\t\t\t\t\t<\/div>\n\t\t<\/div>\n\t\t\t\t\t<\/div>\n\t\t<\/section>\n\t\t\t\t<section class=\"elementor-section elementor-top-section elementor-element elementor-element-89db24d elementor-section-content-middle elementor-section-boxed elementor-section-height-default elementor-section-height-default\" data-id=\"89db24d\" data-element_type=\"section\" data-settings=\"{&quot;background_background&quot;:&quot;classic&quot;}\">\n\t\t\t\t\t\t<div class=\"elementor-container elementor-column-gap-default\">\n\t\t\t\t\t<div class=\"elementor-column elementor-col-100 elementor-top-column elementor-element elementor-element-b23bc70\" data-id=\"b23bc70\" data-element_type=\"column\">\n\t\t\t<div class=\"elementor-widget-wrap elementor-element-populated\">\n\t\t\t\t\t\t<div class=\"elementor-element elementor-element-3af5320 elementor-position-left keeple-titre-marg elementor-view-default elementor-mobile-position-top elementor-widget elementor-widget-icon-box\" data-id=\"3af5320\" data-element_type=\"widget\" data-widget_type=\"icon-box.default\">\n\t\t\t\t<div class=\"elementor-widget-container\">\n\t\t\t\t\t\t\t<div class=\"elementor-icon-box-wrapper\">\n\n\t\t\t\t\t\t<div class=\"elementor-icon-box-icon\">\n\t\t\t\t<span  class=\"elementor-icon\">\n\t\t\t\t<svg xmlns=\"http:\/\/www.w3.org\/2000\/svg\" id=\"icon_waves\" data-name=\"icon\/waves\" width=\"32\" height=\"27\" viewBox=\"0 0 32 27\"><g id=\"Asset_7_Copy\" data-name=\"Asset 7 Copy\" transform=\"translate(32 1)\"><g id=\"Asset_6\" data-name=\"Asset 6\"><path id=\"Path\" d=\"M-17.4,11.9h8.042L0,0H-4.277a7.769,7.769,0,0,0-6.114,2.988Z\" transform=\"translate(-13.596 14.104)\" fill=\"#ff0d70\"><\/path><path id=\"Path-2\" data-name=\"Path\" d=\"M-17.539,0l7.816,9.641A5.609,5.609,0,0,0-5.38,11.724H0L-9.5,0Z\" transform=\"translate(-13.461)\" fill=\"#ff0d70\"><\/path><path id=\"Path-3\" data-name=\"Path\" d=\"M-2.4.221H0\" transform=\"translate(-21.638 13.883)\" fill=\"none\"><\/path><path id=\"Path-4\" data-name=\"Path\" d=\"M-17.4,11.9h8.042L0,0H-4.277a7.769,7.769,0,0,0-6.114,2.988Z\" transform=\"translate(-13.596 14.104)\" fill=\"#ff0d70\"><\/path><path id=\"Path_Copy\" data-name=\"Path Copy\" d=\"M-17.4,11.9h8.042L0,0H-4.277a7.769,7.769,0,0,0-6.114,2.988Z\" transform=\"translate(-0.135 14.104)\" fill=\"#ff0d70\"><\/path><path id=\"Path-5\" data-name=\"Path\" d=\"M-17.539,0l7.816,9.641A5.609,5.609,0,0,0-5.38,11.724H0L-9.5,0Z\" transform=\"translate(-13.461)\" fill=\"#ff0d70\"><\/path><path id=\"Path_Copy_2\" data-name=\"Path Copy 2\" d=\"M-17.539,0l7.816,9.641A5.609,5.609,0,0,0-5.38,11.724H0L-9.5,0Z\" fill=\"#ff0d70\"><\/path><\/g><\/g><\/svg>\t\t\t\t<\/span>\n\t\t\t<\/div>\n\t\t\t\n\t\t\t\t\t\t<div class=\"elementor-icon-box-content\">\n\n\t\t\t\t\t\t\t\t\t<h2 class=\"elementor-icon-box-title\">\n\t\t\t\t\t\t<span  >\n\t\t\t\t\t\t\tHerausgeber\t\t\t\t\t\t<\/span>\n\t\t\t\t\t<\/h2>\n\t\t\t\t\n\t\t\t\t\n\t\t\t<\/div>\n\t\t\t\n\t\t<\/div>\n\t\t\t\t\t\t<\/div>\n\t\t\t\t<\/div>\n\t\t\t\t<div class=\"elementor-element elementor-element-7aae8be elementor-widget elementor-widget-text-editor\" data-id=\"7aae8be\" data-element_type=\"widget\" data-widget_type=\"text-editor.default\">\n\t\t\t\t<div class=\"elementor-widget-container\">\n\t\t\t\t\t\t\t\t\tSAS N2JSoft\r\nAktienkapital: 506 250 \u20ac\r\n263 rue Lavoisier \u2013 ZAC des bruy\u00e8res 01960 P\u00c9RONNAS &#8211; FRANCE\r\nRCS Bourg-en-Bresse n\u00b0 814 572 236\r\nN\u00b0 TVA Intracommunautaire : FR85814572236\t\t\t\t\t\t\t\t<\/div>\n\t\t\t\t<\/div>\n\t\t\t\t<div class=\"elementor-element elementor-element-c5852ad elementor-position-left keeple-titre-marg elementor-view-default elementor-mobile-position-top elementor-widget elementor-widget-icon-box\" data-id=\"c5852ad\" data-element_type=\"widget\" data-widget_type=\"icon-box.default\">\n\t\t\t\t<div class=\"elementor-widget-container\">\n\t\t\t\t\t\t\t<div class=\"elementor-icon-box-wrapper\">\n\n\t\t\t\t\t\t<div class=\"elementor-icon-box-icon\">\n\t\t\t\t<span  class=\"elementor-icon\">\n\t\t\t\t<svg xmlns=\"http:\/\/www.w3.org\/2000\/svg\" id=\"icon_waves\" data-name=\"icon\/waves\" width=\"32\" height=\"27\" viewBox=\"0 0 32 27\"><g id=\"Asset_7_Copy\" data-name=\"Asset 7 Copy\" transform=\"translate(32 1)\"><g id=\"Asset_6\" data-name=\"Asset 6\"><path id=\"Path\" d=\"M-17.4,11.9h8.042L0,0H-4.277a7.769,7.769,0,0,0-6.114,2.988Z\" transform=\"translate(-13.596 14.104)\" fill=\"#ff0d70\"><\/path><path id=\"Path-2\" data-name=\"Path\" d=\"M-17.539,0l7.816,9.641A5.609,5.609,0,0,0-5.38,11.724H0L-9.5,0Z\" transform=\"translate(-13.461)\" fill=\"#ff0d70\"><\/path><path id=\"Path-3\" data-name=\"Path\" d=\"M-2.4.221H0\" transform=\"translate(-21.638 13.883)\" fill=\"none\"><\/path><path id=\"Path-4\" data-name=\"Path\" d=\"M-17.4,11.9h8.042L0,0H-4.277a7.769,7.769,0,0,0-6.114,2.988Z\" transform=\"translate(-13.596 14.104)\" fill=\"#ff0d70\"><\/path><path id=\"Path_Copy\" data-name=\"Path Copy\" d=\"M-17.4,11.9h8.042L0,0H-4.277a7.769,7.769,0,0,0-6.114,2.988Z\" transform=\"translate(-0.135 14.104)\" fill=\"#ff0d70\"><\/path><path id=\"Path-5\" data-name=\"Path\" d=\"M-17.539,0l7.816,9.641A5.609,5.609,0,0,0-5.38,11.724H0L-9.5,0Z\" transform=\"translate(-13.461)\" fill=\"#ff0d70\"><\/path><path id=\"Path_Copy_2\" data-name=\"Path Copy 2\" d=\"M-17.539,0l7.816,9.641A5.609,5.609,0,0,0-5.38,11.724H0L-9.5,0Z\" fill=\"#ff0d70\"><\/path><\/g><\/g><\/svg>\t\t\t\t<\/span>\n\t\t\t<\/div>\n\t\t\t\n\t\t\t\t\t\t<div class=\"elementor-icon-box-content\">\n\n\t\t\t\t\t\t\t\t\t<h2 class=\"elementor-icon-box-title\">\n\t\t\t\t\t\t<span  >\n\t\t\t\t\t\t\tKontakt\t\t\t\t\t\t<\/span>\n\t\t\t\t\t<\/h2>\n\t\t\t\t\n\t\t\t\t\n\t\t\t<\/div>\n\t\t\t\n\t\t<\/div>\n\t\t\t\t\t\t<\/div>\n\t\t\t\t<\/div>\n\t\t\t\t<div class=\"elementor-element elementor-element-d7777b0 elementor-widget elementor-widget-text-editor\" data-id=\"d7777b0\" data-element_type=\"widget\" data-widget_type=\"text-editor.default\">\n\t\t\t\t<div class=\"elementor-widget-container\">\n\t\t\t\t\t\t\t\t\tTelefonnummer: +49 3016 636 563\r\nEmail: <a href=\"mailto:contact@keeple.com\">contact@keeple.com<\/a>\t\t\t\t\t\t\t\t<\/div>\n\t\t\t\t<\/div>\n\t\t\t\t<div class=\"elementor-element elementor-element-48e531f elementor-position-left keeple-titre-marg elementor-view-default elementor-mobile-position-top elementor-widget elementor-widget-icon-box\" data-id=\"48e531f\" data-element_type=\"widget\" data-widget_type=\"icon-box.default\">\n\t\t\t\t<div class=\"elementor-widget-container\">\n\t\t\t\t\t\t\t<div class=\"elementor-icon-box-wrapper\">\n\n\t\t\t\t\t\t<div class=\"elementor-icon-box-icon\">\n\t\t\t\t<span  class=\"elementor-icon\">\n\t\t\t\t<svg xmlns=\"http:\/\/www.w3.org\/2000\/svg\" id=\"icon_waves\" data-name=\"icon\/waves\" width=\"32\" height=\"27\" viewBox=\"0 0 32 27\"><g id=\"Asset_7_Copy\" data-name=\"Asset 7 Copy\" transform=\"translate(32 1)\"><g id=\"Asset_6\" data-name=\"Asset 6\"><path id=\"Path\" d=\"M-17.4,11.9h8.042L0,0H-4.277a7.769,7.769,0,0,0-6.114,2.988Z\" transform=\"translate(-13.596 14.104)\" fill=\"#ff0d70\"><\/path><path id=\"Path-2\" data-name=\"Path\" d=\"M-17.539,0l7.816,9.641A5.609,5.609,0,0,0-5.38,11.724H0L-9.5,0Z\" transform=\"translate(-13.461)\" fill=\"#ff0d70\"><\/path><path id=\"Path-3\" data-name=\"Path\" d=\"M-2.4.221H0\" transform=\"translate(-21.638 13.883)\" fill=\"none\"><\/path><path id=\"Path-4\" data-name=\"Path\" d=\"M-17.4,11.9h8.042L0,0H-4.277a7.769,7.769,0,0,0-6.114,2.988Z\" transform=\"translate(-13.596 14.104)\" fill=\"#ff0d70\"><\/path><path id=\"Path_Copy\" data-name=\"Path Copy\" d=\"M-17.4,11.9h8.042L0,0H-4.277a7.769,7.769,0,0,0-6.114,2.988Z\" transform=\"translate(-0.135 14.104)\" fill=\"#ff0d70\"><\/path><path id=\"Path-5\" data-name=\"Path\" d=\"M-17.539,0l7.816,9.641A5.609,5.609,0,0,0-5.38,11.724H0L-9.5,0Z\" transform=\"translate(-13.461)\" fill=\"#ff0d70\"><\/path><path id=\"Path_Copy_2\" data-name=\"Path Copy 2\" d=\"M-17.539,0l7.816,9.641A5.609,5.609,0,0,0-5.38,11.724H0L-9.5,0Z\" fill=\"#ff0d70\"><\/path><\/g><\/g><\/svg>\t\t\t\t<\/span>\n\t\t\t<\/div>\n\t\t\t\n\t\t\t\t\t\t<div class=\"elementor-icon-box-content\">\n\n\t\t\t\t\t\t\t\t\t<h2 class=\"elementor-icon-box-title\">\n\t\t\t\t\t\t<span  >\n\t\t\t\t\t\t\tGesch\u00e4ftsf\u00fchrer\t\t\t\t\t\t<\/span>\n\t\t\t\t\t<\/h2>\n\t\t\t\t\n\t\t\t\t\n\t\t\t<\/div>\n\t\t\t\n\t\t<\/div>\n\t\t\t\t\t\t<\/div>\n\t\t\t\t<\/div>\n\t\t\t\t<div class=\"elementor-element elementor-element-b3a877b elementor-widget elementor-widget-text-editor\" data-id=\"b3a877b\" data-element_type=\"widget\" data-widget_type=\"text-editor.default\">\n\t\t\t\t<div class=\"elementor-widget-container\">\n\t\t\t\t\t\t\t\t\t<p>M. Nicolas Dubouloz<\/p>\t\t\t\t\t\t\t\t<\/div>\n\t\t\t\t<\/div>\n\t\t\t\t<div class=\"elementor-element elementor-element-e4bda46 elementor-position-left keeple-titre-marg elementor-view-default elementor-mobile-position-top elementor-widget elementor-widget-icon-box\" data-id=\"e4bda46\" data-element_type=\"widget\" data-widget_type=\"icon-box.default\">\n\t\t\t\t<div class=\"elementor-widget-container\">\n\t\t\t\t\t\t\t<div class=\"elementor-icon-box-wrapper\">\n\n\t\t\t\t\t\t<div class=\"elementor-icon-box-icon\">\n\t\t\t\t<span  class=\"elementor-icon\">\n\t\t\t\t<svg xmlns=\"http:\/\/www.w3.org\/2000\/svg\" id=\"icon_waves\" data-name=\"icon\/waves\" width=\"32\" height=\"27\" viewBox=\"0 0 32 27\"><g id=\"Asset_7_Copy\" data-name=\"Asset 7 Copy\" transform=\"translate(32 1)\"><g id=\"Asset_6\" data-name=\"Asset 6\"><path id=\"Path\" d=\"M-17.4,11.9h8.042L0,0H-4.277a7.769,7.769,0,0,0-6.114,2.988Z\" transform=\"translate(-13.596 14.104)\" fill=\"#ff0d70\"><\/path><path id=\"Path-2\" data-name=\"Path\" d=\"M-17.539,0l7.816,9.641A5.609,5.609,0,0,0-5.38,11.724H0L-9.5,0Z\" transform=\"translate(-13.461)\" fill=\"#ff0d70\"><\/path><path id=\"Path-3\" data-name=\"Path\" d=\"M-2.4.221H0\" transform=\"translate(-21.638 13.883)\" fill=\"none\"><\/path><path id=\"Path-4\" data-name=\"Path\" d=\"M-17.4,11.9h8.042L0,0H-4.277a7.769,7.769,0,0,0-6.114,2.988Z\" transform=\"translate(-13.596 14.104)\" fill=\"#ff0d70\"><\/path><path id=\"Path_Copy\" data-name=\"Path Copy\" d=\"M-17.4,11.9h8.042L0,0H-4.277a7.769,7.769,0,0,0-6.114,2.988Z\" transform=\"translate(-0.135 14.104)\" fill=\"#ff0d70\"><\/path><path id=\"Path-5\" data-name=\"Path\" d=\"M-17.539,0l7.816,9.641A5.609,5.609,0,0,0-5.38,11.724H0L-9.5,0Z\" transform=\"translate(-13.461)\" fill=\"#ff0d70\"><\/path><path id=\"Path_Copy_2\" data-name=\"Path Copy 2\" d=\"M-17.539,0l7.816,9.641A5.609,5.609,0,0,0-5.38,11.724H0L-9.5,0Z\" fill=\"#ff0d70\"><\/path><\/g><\/g><\/svg>\t\t\t\t<\/span>\n\t\t\t<\/div>\n\t\t\t\n\t\t\t\t\t\t<div class=\"elementor-icon-box-content\">\n\n\t\t\t\t\t\t\t\t\t<h2 class=\"elementor-icon-box-title\">\n\t\t\t\t\t\t<span  >\n\t\t\t\t\t\t\tGastgeber\t\t\t\t\t\t<\/span>\n\t\t\t\t\t<\/h2>\n\t\t\t\t\n\t\t\t\t\n\t\t\t<\/div>\n\t\t\t\n\t\t<\/div>\n\t\t\t\t\t\t<\/div>\n\t\t\t\t<\/div>\n\t\t\t\t<div class=\"elementor-element elementor-element-6ec9d88 elementor-widget elementor-widget-text-editor\" data-id=\"6ec9d88\" data-element_type=\"widget\" data-widget_type=\"text-editor.default\">\n\t\t\t\t<div class=\"elementor-widget-container\">\n\t\t\t\t\t\t\t\t\tSAS OKTEO\r\n259 route des Soudani\u00e8res\r\n01250 Ceyzeriat\r\nFRANCE\r\nRCS Bourg-en Bresse n\u00b0333 264 810\t\t\t\t\t\t\t\t<\/div>\n\t\t\t\t<\/div>\n\t\t\t\t\t<\/div>\n\t\t<\/div>\n\t\t\t\t\t<\/div>\n\t\t<\/section>\n\t\t\t\t<\/div>\n\t\t","protected":false},"excerpt":{"rendered":"<p>Impressum Herausgeber SAS N2JSoft Aktienkapital: 506 250 \u20ac 263 rue Lavoisier \u2013 ZAC des bruy\u00e8res 01960 P\u00c9RONNAS &#8211; FRANCE RCS Bourg-en-Bresse n\u00b0 814 572 236 N\u00b0 TVA Intracommunautaire : FR85814572236 Kontakt Telefonnummer: +49 3016 636 563 Email: contact@keeple.com Gesch\u00e4ftsf\u00fchrer M. Nicolas Dubouloz Gastgeber SAS OKTEO 259 route des Soudani\u00e8res 01250 Ceyzeriat FRANCE RCS Bourg-en Bresse [&hellip;]<\/p>\n","protected":false},"author":1,"featured_media":0,"parent":0,"menu_order":0,"comment_status":"closed","ping_status":"closed","template":"","meta":{"_seopress_robots_primary_cat":"","_seopress_titles_title":"","_seopress_titles_desc":"","_seopress_robots_index":"yes","footnotes":""},"class_list":["post-4444","page","type-page","status-publish"],"_links":{"self":[{"href":"https:\/\/www-preprod.keeple.com\/de\/wp-json\/wp\/v2\/pages\/4444","targetHints":{"allow":["GET"]}}],"collection":[{"href":"https:\/\/www-preprod.keeple.com\/de\/wp-json\/wp\/v2\/pages"}],"about":[{"href":"https:\/\/www-preprod.keeple.com\/de\/wp-json\/wp\/v2\/types\/page"}],"author":[{"embeddable":true,"href":"https:\/\/www-preprod.keeple.com\/de\/wp-json\/wp\/v2\/users\/1"}],"replies":[{"embeddable":true,"href":"https:\/\/www-preprod.keeple.com\/de\/wp-json\/wp\/v2\/comments?post=4444"}],"version-history":[{"count":3,"href":"https:\/\/www-preprod.keeple.com\/de\/wp-json\/wp\/v2\/pages\/4444\/revisions"}],"predecessor-version":[{"id":4447,"href":"https:\/\/www-preprod.keeple.com\/de\/wp-json\/wp\/v2\/pages\/4444\/revisions\/4447"}],"wp:attachment":[{"href":"https:\/\/www-preprod.keeple.com\/de\/wp-json\/wp\/v2\/media?parent=4444"}],"curies":[{"name":"wp","href":"https:\/\/api.w.org\/{rel}","templated":true}]}}