{"id":4464,"date":"2022-04-15T14:02:34","date_gmt":"2022-04-15T12:02:34","guid":{"rendered":"https:\/\/www.keeple.com\/support\/"},"modified":"2022-09-23T15:44:16","modified_gmt":"2022-09-23T13:44:16","slug":"support","status":"publish","type":"page","link":"https:\/\/www-preprod.keeple.com\/de\/support\/","title":{"rendered":"Support"},"content":{"rendered":"\t\t<div data-elementor-type=\"wp-page\" data-elementor-id=\"4464\" class=\"elementor elementor-4464 elementor-1450\" data-elementor-post-type=\"page\">\n\t\t\t\t\t\t<section class=\"elementor-section elementor-top-section elementor-element elementor-element-08aa065 elementor-section-height-min-height elementor-section-boxed elementor-section-height-default elementor-section-items-middle\" data-id=\"08aa065\" data-element_type=\"section\" data-settings=\"{&quot;background_background&quot;:&quot;classic&quot;}\">\n\t\t\t\t\t\t<div class=\"elementor-container elementor-column-gap-default\">\n\t\t\t\t\t<div class=\"elementor-column elementor-col-100 elementor-top-column elementor-element elementor-element-a14452f animated-slow elementor-invisible\" data-id=\"a14452f\" data-element_type=\"column\" data-settings=\"{&quot;animation&quot;:&quot;fadeIn&quot;}\">\n\t\t\t<div class=\"elementor-widget-wrap elementor-element-populated\">\n\t\t\t\t\t\t<div class=\"elementor-element elementor-element-536ef4d elementor-widget elementor-widget-heading\" data-id=\"536ef4d\" data-element_type=\"widget\" data-widget_type=\"heading.default\">\n\t\t\t\t<div class=\"elementor-widget-container\">\n\t\t\t\t\t<h1 class=\"elementor-heading-title elementor-size-default\">Sie ben\u00f6tigen <span class=\"keeple-pink\">technische<\/span> Unterst\u00fctzung?<\/h1>\t\t\t\t<\/div>\n\t\t\t\t<\/div>\n\t\t\t\t<section class=\"elementor-section elementor-inner-section elementor-element elementor-element-9386941 elementor-section-content-middle elementor-section-boxed elementor-section-height-default elementor-section-height-default\" data-id=\"9386941\" data-element_type=\"section\">\n\t\t\t\t\t\t<div class=\"elementor-container elementor-column-gap-default\">\n\t\t\t\t\t<div class=\"elementor-column elementor-col-50 elementor-inner-column elementor-element elementor-element-4fe694c\" data-id=\"4fe694c\" data-element_type=\"column\">\n\t\t\t<div class=\"elementor-widget-wrap elementor-element-populated\">\n\t\t\t\t\t\t<div class=\"elementor-element elementor-element-462f277 elementor-widget elementor-widget-text-editor\" data-id=\"462f277\" data-element_type=\"widget\" data-widget_type=\"text-editor.default\">\n\t\t\t\t<div class=\"elementor-widget-container\">\n\t\t\t\t\t\t\t\t\t<span style=\"font-weight: 400;\">Unsere Teams widmen sich Ihren Bed\u00fcrfnissen, um maximale Zufriedenheit zu garantieren! Kontaktieren Sie uns f\u00fcr weitere Infos&#8230;<\/span>\t\t\t\t\t\t\t\t<\/div>\n\t\t\t\t<\/div>\n\t\t\t\t\t<\/div>\n\t\t<\/div>\n\t\t\t\t<div class=\"elementor-column elementor-col-50 elementor-inner-column elementor-element elementor-element-19aeb3b\" data-id=\"19aeb3b\" data-element_type=\"column\">\n\t\t\t<div class=\"elementor-widget-wrap\">\n\t\t\t\t\t\t\t<\/div>\n\t\t<\/div>\n\t\t\t\t\t<\/div>\n\t\t<\/section>\n\t\t\t\t\t<\/div>\n\t\t<\/div>\n\t\t\t\t\t<\/div>\n\t\t<\/section>\n\t\t\t\t<section class=\"elementor-section elementor-top-section elementor-element elementor-element-e2d4a35 elementor-section-content-middle elementor-section-boxed elementor-section-height-default elementor-section-height-default\" data-id=\"e2d4a35\" data-element_type=\"section\" data-settings=\"{&quot;background_background&quot;:&quot;classic&quot;}\">\n\t\t\t\t\t\t<div class=\"elementor-container elementor-column-gap-default\">\n\t\t\t\t\t<div class=\"elementor-column elementor-col-100 elementor-top-column elementor-element elementor-element-70e2ec5\" data-id=\"70e2ec5\" data-element_type=\"column\">\n\t\t\t<div class=\"elementor-widget-wrap elementor-element-populated\">\n\t\t\t\t\t\t<div class=\"elementor-element elementor-element-a575265 elementor-widget elementor-widget-html\" data-id=\"a575265\" data-element_type=\"widget\" data-widget_type=\"html.default\">\n\t\t\t\t<div class=\"elementor-widget-container\">\n\t\t\t\t\t<script type=\"text\/javascript\" src=\"https:\/\/s3.amazonaws.com\/assets.freshdesk.com\/widget\/freshwidget.js\"><\/script>\r\n<style type=\"text\/css\" media=\"screen, projection\">\r\n\t@import url(https:\/\/s3.amazonaws.com\/assets.freshdesk.com\/widget\/freshwidget.css); \r\n<\/style> \r\n<iframe title=\"Feedback Form\" class=\"freshwidget-embedded-form\" id=\"freshwidget-embedded-form\" src=\"https:\/\/keeple-help.freshdesk.com\/widgets\/feedback_widget\/new?&widgetType=embedded&formTitle=Aide+et+support&submitTitle=Envoyer&submitThanks=Merci+pour+votre+commentaire\" scrolling=\"no\" height=\"600px\" width=\"100%\" frameborder=\"0\" >\r\n<\/iframe>\t\t\t\t<\/div>\n\t\t\t\t<\/div>\n\t\t\t\t\t<\/div>\n\t\t<\/div>\n\t\t\t\t\t<\/div>\n\t\t<\/section>\n\t\t\t\t<section class=\"elementor-section elementor-top-section elementor-element elementor-element-f3d2d34 elementor-section-boxed elementor-section-height-default elementor-section-height-default\" data-id=\"f3d2d34\" data-element_type=\"section\">\n\t\t\t\t\t\t<div class=\"elementor-container elementor-column-gap-default\">\n\t\t\t\t\t<div class=\"elementor-column elementor-col-100 elementor-top-column elementor-element elementor-element-bc03736\" data-id=\"bc03736\" data-element_type=\"column\">\n\t\t\t<div class=\"elementor-widget-wrap elementor-element-populated\">\n\t\t\t\t\t\t<div class=\"elementor-element elementor-element-73272c4 elementor-widget elementor-widget-text-editor\" data-id=\"73272c4\" data-element_type=\"widget\" data-widget_type=\"text-editor.default\">\n\t\t\t\t<div class=\"elementor-widget-container\">\n\t\t\t\t\t\t\t\t\t<span style=\"font-weight: 400;\">Alle Antworten finden Sie in unserem FAQ-Bereich!<\/span>\r\n\r\n<span style=\"font-weight: 400;\">Sie k\u00f6nnen mit Hilfe der Artikelsuche darauf zugreifen.<\/span>\r\n\r\n<span style=\"font-weight: 400;\">Wenn Sie dann noch weitere Hilfe ben\u00f6tigen, z\u00f6gern Sie nicht, uns \u00fcber das obige Formular zu kontaktieren. Unser Supportteam wird Ihnen schnellstm\u00f6glich antworten.<\/span>\t\t\t\t\t\t\t\t<\/div>\n\t\t\t\t<\/div>\n\t\t\t\t\t<\/div>\n\t\t<\/div>\n\t\t\t\t\t<\/div>\n\t\t<\/section>\n\t\t\t\t<\/div>\n\t\t","protected":false},"excerpt":{"rendered":"<p>Sie ben\u00f6tigen technische Unterst\u00fctzung? Unsere Teams widmen sich Ihren Bed\u00fcrfnissen, um maximale Zufriedenheit zu garantieren! Kontaktieren Sie uns f\u00fcr weitere Infos&#8230; Alle Antworten finden Sie in unserem FAQ-Bereich! Sie k\u00f6nnen mit Hilfe der Artikelsuche darauf zugreifen. Wenn Sie dann noch weitere Hilfe ben\u00f6tigen, z\u00f6gern Sie nicht, uns \u00fcber das obige Formular zu kontaktieren. Unser Supportteam [&hellip;]<\/p>\n","protected":false},"author":2,"featured_media":0,"parent":0,"menu_order":0,"comment_status":"closed","ping_status":"closed","template":"","meta":{"_seopress_robots_primary_cat":"","_seopress_titles_title":"Kontaktieren Sie unseren reaktionsschnellen Kundendienst | Keeple","_seopress_titles_desc":"Eine technische Frage? Hilfe bei den Einstellungen erforderlich? Oder nur eine Frage, die Sie gerade besch\u00e4ftigt? Kontaktieren Sie uns!","_seopress_robots_index":"","footnotes":""},"class_list":["post-4464","page","type-page","status-publish"],"_links":{"self":[{"href":"https:\/\/www-preprod.keeple.com\/de\/wp-json\/wp\/v2\/pages\/4464","targetHints":{"allow":["GET"]}}],"collection":[{"href":"https:\/\/www-preprod.keeple.com\/de\/wp-json\/wp\/v2\/pages"}],"about":[{"href":"https:\/\/www-preprod.keeple.com\/de\/wp-json\/wp\/v2\/types\/page"}],"author":[{"embeddable":true,"href":"https:\/\/www-preprod.keeple.com\/de\/wp-json\/wp\/v2\/users\/2"}],"replies":[{"embeddable":true,"href":"https:\/\/www-preprod.keeple.com\/de\/wp-json\/wp\/v2\/comments?post=4464"}],"version-history":[{"count":3,"href":"https:\/\/www-preprod.keeple.com\/de\/wp-json\/wp\/v2\/pages\/4464\/revisions"}],"predecessor-version":[{"id":4467,"href":"https:\/\/www-preprod.keeple.com\/de\/wp-json\/wp\/v2\/pages\/4464\/revisions\/4467"}],"wp:attachment":[{"href":"https:\/\/www-preprod.keeple.com\/de\/wp-json\/wp\/v2\/media?parent=4464"}],"curies":[{"name":"wp","href":"https:\/\/api.w.org\/{rel}","templated":true}]}}